{"id":946,"date":"2025-09-03T11:09:48","date_gmt":"2025-09-03T09:09:48","guid":{"rendered":"https:\/\/edenfleurs80.com\/?page_id=946"},"modified":"2025-09-05T11:53:03","modified_gmt":"2025-09-05T09:53:03","slug":"mentions-legales","status":"publish","type":"page","link":"https:\/\/edenfleurs80.com\/index.php\/mentions-legales\/","title":{"rendered":"mentions l\u00e9gales"},"content":{"rendered":"\t\t<div data-elementor-type=\"wp-page\" data-elementor-id=\"946\" class=\"elementor elementor-946\">\n\t\t\t\t<div class=\"elementor-element elementor-element-760119c e-con-full e-flex wpr-particle-no wpr-jarallax-no wpr-parallax-no wpr-sticky-section-no e-con e-parent\" data-id=\"760119c\" data-element_type=\"container\">\n\t\t\t\t<div class=\"elementor-element elementor-element-c254bdf elementor-widget elementor-widget-heading\" data-id=\"c254bdf\" data-element_type=\"widget\" data-widget_type=\"heading.default\">\n\t\t\t\t<div class=\"elementor-widget-container\">\n\t\t\t\t\t<h1 class=\"elementor-heading-title elementor-size-default\">Mentions l\u00e9gales<\/h1>\t\t\t\t<\/div>\n\t\t\t\t<\/div>\n\t\t\t\t<\/div>\n\t\t<div class=\"elementor-element elementor-element-e734eff e-flex e-con-boxed wpr-particle-no wpr-jarallax-no wpr-parallax-no wpr-sticky-section-no e-con e-parent\" data-id=\"e734eff\" data-element_type=\"container\">\n\t\t\t\t\t<div class=\"e-con-inner\">\n\t\t\t\t<div class=\"elementor-element elementor-element-9b6c7e3 elementor-widget elementor-widget-heading\" data-id=\"9b6c7e3\" data-element_type=\"widget\" data-widget_type=\"heading.default\">\n\t\t\t\t<div class=\"elementor-widget-container\">\n\t\t\t\t\t<h2 class=\"elementor-heading-title elementor-size-default\">Identification de l'\u00e9diteur<\/h2>\t\t\t\t<\/div>\n\t\t\t\t<\/div>\n\t\t\t\t<div class=\"elementor-element elementor-element-de36b13 elementor-widget elementor-widget-text-editor\" data-id=\"de36b13\" data-element_type=\"widget\" data-widget_type=\"text-editor.default\">\n\t\t\t\t<div class=\"elementor-widget-container\">\n\t\t\t\t\t\t\t\t\t<p>Le site edenfleurs80.com est \u00e9dit\u00e9 par Anne-Lise Meens, eden fleurs EI.<\/p>\t\t\t\t\t\t\t\t<\/div>\n\t\t\t\t<\/div>\n\t\t\t\t<div class=\"elementor-element elementor-element-9bd9f99 elementor-widget elementor-widget-heading\" data-id=\"9bd9f99\" data-element_type=\"widget\" data-widget_type=\"heading.default\">\n\t\t\t\t<div class=\"elementor-widget-container\">\n\t\t\t\t\t<h3 class=\"elementor-heading-title elementor-size-default\">Si\u00e8ge social<\/h3>\t\t\t\t<\/div>\n\t\t\t\t<\/div>\n\t\t\t\t<div class=\"elementor-element elementor-element-387865c elementor-widget elementor-widget-text-editor\" data-id=\"387865c\" data-element_type=\"widget\" data-widget_type=\"text-editor.default\">\n\t\t\t\t<div class=\"elementor-widget-container\">\n\t\t\t\t\t\t\t\t\t<p>eden fleurs EI<\/p><p>80470 FERRIERES<\/p>\t\t\t\t\t\t\t\t<\/div>\n\t\t\t\t<\/div>\n\t\t\t\t<div class=\"elementor-element elementor-element-3b25b82 elementor-widget elementor-widget-heading\" data-id=\"3b25b82\" data-element_type=\"widget\" data-widget_type=\"heading.default\">\n\t\t\t\t<div class=\"elementor-widget-container\">\n\t\t\t\t\t<h3 class=\"elementor-heading-title elementor-size-default\">Contact<\/h3>\t\t\t\t<\/div>\n\t\t\t\t<\/div>\n\t\t\t\t<div class=\"elementor-element elementor-element-dd8a1e8 elementor-widget elementor-widget-text-editor\" data-id=\"dd8a1e8\" data-element_type=\"widget\" data-widget_type=\"text-editor.default\">\n\t\t\t\t<div class=\"elementor-widget-container\">\n\t\t\t\t\t\t\t\t\t<p><a href=\"mailto:contact@edenfleurs80.com\">contact@edenfleurs80.com<\/a><\/p><p><a href=\"te:0674291139\">0674291139<\/a><\/p>\t\t\t\t\t\t\t\t<\/div>\n\t\t\t\t<\/div>\n\t\t\t\t<div class=\"elementor-element elementor-element-3d5d5cd elementor-widget elementor-widget-heading\" data-id=\"3d5d5cd\" data-element_type=\"widget\" data-widget_type=\"heading.default\">\n\t\t\t\t<div class=\"elementor-widget-container\">\n\t\t\t\t\t<h3 class=\"elementor-heading-title elementor-size-default\">Repr\u00e9sentant l\u00e9gal<\/h3>\t\t\t\t<\/div>\n\t\t\t\t<\/div>\n\t\t\t\t<div class=\"elementor-element elementor-element-553e642 elementor-widget elementor-widget-text-editor\" data-id=\"553e642\" data-element_type=\"widget\" data-widget_type=\"text-editor.default\">\n\t\t\t\t<div class=\"elementor-widget-container\">\n\t\t\t\t\t\t\t\t\t<p>Directrice de publication : Anne-Lise Meens<\/p><p>N\u00b0 SIRET : 97998854000014<\/p>\t\t\t\t\t\t\t\t<\/div>\n\t\t\t\t<\/div>\n\t\t\t\t<div class=\"elementor-element elementor-element-89d6a0b elementor-widget elementor-widget-heading\" data-id=\"89d6a0b\" data-element_type=\"widget\" data-widget_type=\"heading.default\">\n\t\t\t\t<div class=\"elementor-widget-container\">\n\t\t\t\t\t<h2 class=\"elementor-heading-title elementor-size-default\">Identification de l'h\u00e9bergeur du site<\/h2>\t\t\t\t<\/div>\n\t\t\t\t<\/div>\n\t\t\t\t<div class=\"elementor-element elementor-element-7a43d13 elementor-widget elementor-widget-heading\" data-id=\"7a43d13\" data-element_type=\"widget\" data-widget_type=\"heading.default\">\n\t\t\t\t<div class=\"elementor-widget-container\">\n\t\t\t\t\t<h3 class=\"elementor-heading-title elementor-size-default\">H\u00e9bergeur<\/h3>\t\t\t\t<\/div>\n\t\t\t\t<\/div>\n\t\t\t\t<div class=\"elementor-element elementor-element-76c0010 elementor-widget elementor-widget-text-editor\" data-id=\"76c0010\" data-element_type=\"widget\" data-widget_type=\"text-editor.default\">\n\t\t\t\t<div class=\"elementor-widget-container\">\n\t\t\t\t\t\t\t\t\t<p>OVH SAS<br \/>2 rue Kellermann \u2013 BP 80157 \u2013 59053 ROUBAIX Cedex 1<\/p>\t\t\t\t\t\t\t\t<\/div>\n\t\t\t\t<\/div>\n\t\t\t\t<div class=\"elementor-element elementor-element-ae39dc2 elementor-widget elementor-widget-heading\" data-id=\"ae39dc2\" data-element_type=\"widget\" data-widget_type=\"heading.default\">\n\t\t\t\t<div class=\"elementor-widget-container\">\n\t\t\t\t\t<h3 class=\"elementor-heading-title elementor-size-default\">Cr\u00e9dit Photos<\/h3>\t\t\t\t<\/div>\n\t\t\t\t<\/div>\n\t\t\t\t<div class=\"elementor-element elementor-element-7e2b3b5 elementor-widget elementor-widget-text-editor\" data-id=\"7e2b3b5\" data-element_type=\"widget\" data-widget_type=\"text-editor.default\">\n\t\t\t\t<div class=\"elementor-widget-container\">\n\t\t\t\t\t\t\t\t\t<p>eden fleurs \/ La belle Ad\u00e8le Photographie \/ C\u00e9line Chan &#8211; Paris Wedding Photographer<\/p>\t\t\t\t\t\t\t\t<\/div>\n\t\t\t\t<\/div>\n\t\t\t\t\t<\/div>\n\t\t\t\t<\/div>\n\t\t\t\t<\/div>\n\t\t","protected":false},"excerpt":{"rendered":"<p>Mentions l\u00e9gales Identification de l&rsquo;\u00e9diteur Le site edenfleurs80.com est \u00e9dit\u00e9 par Anne-Lise Meens, eden fleurs EI. Si\u00e8ge social eden fleurs EI 80470 FERRIERES Contact contact@edenfleurs80.com 0674291139 Repr\u00e9sentant l\u00e9gal Directrice de publication : Anne-Lise Meens N\u00b0 SIRET : 97998854000014 Identification de l&rsquo;h\u00e9bergeur du site H\u00e9bergeur OVH SAS2 rue Kellermann \u2013 BP 80157 \u2013 59053 ROUBAIX Cedex 1 Cr\u00e9dit Photos eden fleurs \/ La belle Ad\u00e8le Photographie \/ C\u00e9line Chan &#8211; Paris Wedding Photographer<\/p>\n","protected":false},"author":1,"featured_media":0,"parent":0,"menu_order":0,"comment_status":"closed","ping_status":"closed","template":"","meta":{"footnotes":""},"class_list":["post-946","page","type-page","status-publish","hentry"],"yoast_head":"<!-- This site is optimized with the Yoast SEO plugin v26.7 - https:\/\/yoast.com\/wordpress\/plugins\/seo\/ -->\n<title>mentions l\u00e9gales - eden fleurs<\/title>\n<meta name=\"robots\" content=\"index, follow, max-snippet:-1, max-image-preview:large, max-video-preview:-1\" \/>\n<link rel=\"canonical\" href=\"https:\/\/edenfleurs80.com\/index.php\/mentions-legales\/\" \/>\n<meta property=\"og:locale\" content=\"fr_FR\" \/>\n<meta property=\"og:type\" content=\"article\" \/>\n<meta property=\"og:title\" content=\"mentions l\u00e9gales - eden fleurs\" \/>\n<meta property=\"og:description\" content=\"Mentions l\u00e9gales Identification de l&rsquo;\u00e9diteur Le site edenfleurs80.com est \u00e9dit\u00e9 par Anne-Lise Meens, eden fleurs EI. Si\u00e8ge social eden fleurs EI 80470 FERRIERES Contact contact@edenfleurs80.com 0674291139 Repr\u00e9sentant l\u00e9gal Directrice de publication : Anne-Lise Meens N\u00b0 SIRET : 97998854000014 Identification de l&rsquo;h\u00e9bergeur du site H\u00e9bergeur OVH SAS2 rue Kellermann \u2013 BP 80157 \u2013 59053 ROUBAIX Cedex 1 Cr\u00e9dit Photos eden fleurs \/ La belle Ad\u00e8le Photographie \/ C\u00e9line Chan &#8211; Paris Wedding Photographer\" \/>\n<meta property=\"og:url\" content=\"https:\/\/edenfleurs80.com\/index.php\/mentions-legales\/\" \/>\n<meta property=\"og:site_name\" content=\"eden fleurs\" \/>\n<meta property=\"article:publisher\" content=\"https:\/\/www.facebook.com\/EdenFleursAmiens\" \/>\n<meta property=\"article:modified_time\" content=\"2025-09-05T09:53:03+00:00\" \/>\n<meta name=\"twitter:card\" content=\"summary_large_image\" \/>\n<script type=\"application\/ld+json\" class=\"yoast-schema-graph\">{\"@context\":\"https:\/\/schema.org\",\"@graph\":[{\"@type\":\"WebPage\",\"@id\":\"https:\/\/edenfleurs80.com\/index.php\/mentions-legales\/\",\"url\":\"https:\/\/edenfleurs80.com\/index.php\/mentions-legales\/\",\"name\":\"mentions l\u00e9gales - eden fleurs\",\"isPartOf\":{\"@id\":\"https:\/\/edenfleurs80.com\/#website\"},\"datePublished\":\"2025-09-03T09:09:48+00:00\",\"dateModified\":\"2025-09-05T09:53:03+00:00\",\"breadcrumb\":{\"@id\":\"https:\/\/edenfleurs80.com\/index.php\/mentions-legales\/#breadcrumb\"},\"inLanguage\":\"fr-FR\",\"potentialAction\":[{\"@type\":\"ReadAction\",\"target\":[\"https:\/\/edenfleurs80.com\/index.php\/mentions-legales\/\"]}]},{\"@type\":\"BreadcrumbList\",\"@id\":\"https:\/\/edenfleurs80.com\/index.php\/mentions-legales\/#breadcrumb\",\"itemListElement\":[{\"@type\":\"ListItem\",\"position\":1,\"name\":\"Accueil\",\"item\":\"https:\/\/edenfleurs80.com\/\"},{\"@type\":\"ListItem\",\"position\":2,\"name\":\"mentions l\u00e9gales\"}]},{\"@type\":\"WebSite\",\"@id\":\"https:\/\/edenfleurs80.com\/#website\",\"url\":\"https:\/\/edenfleurs80.com\/\",\"name\":\"eden fleurs\",\"description\":\"Cr\u00e9ations florales pour sublimer vos \u00e9v\u00e8nements\",\"publisher\":{\"@id\":\"https:\/\/edenfleurs80.com\/#organization\"},\"potentialAction\":[{\"@type\":\"SearchAction\",\"target\":{\"@type\":\"EntryPoint\",\"urlTemplate\":\"https:\/\/edenfleurs80.com\/?s={search_term_string}\"},\"query-input\":{\"@type\":\"PropertyValueSpecification\",\"valueRequired\":true,\"valueName\":\"search_term_string\"}}],\"inLanguage\":\"fr-FR\"},{\"@type\":\"Organization\",\"@id\":\"https:\/\/edenfleurs80.com\/#organization\",\"name\":\"eden fleurs\",\"url\":\"https:\/\/edenfleurs80.com\/\",\"logo\":{\"@type\":\"ImageObject\",\"inLanguage\":\"fr-FR\",\"@id\":\"https:\/\/edenfleurs80.com\/#\/schema\/logo\/image\/\",\"url\":\"https:\/\/edenfleurs80.com\/wp-content\/uploads\/2024\/09\/cropped-LOGO-eden-fleurs-petit.jpg\",\"contentUrl\":\"https:\/\/edenfleurs80.com\/wp-content\/uploads\/2024\/09\/cropped-LOGO-eden-fleurs-petit.jpg\",\"width\":150,\"height\":143,\"caption\":\"eden fleurs\"},\"image\":{\"@id\":\"https:\/\/edenfleurs80.com\/#\/schema\/logo\/image\/\"},\"sameAs\":[\"https:\/\/www.facebook.com\/EdenFleursAmiens\",\"https:\/\/www.instagram.com\/_edenfleurs_\/\"]}]}<\/script>\n<!-- \/ Yoast SEO plugin. -->","yoast_head_json":{"title":"mentions l\u00e9gales - eden fleurs","robots":{"index":"index","follow":"follow","max-snippet":"max-snippet:-1","max-image-preview":"max-image-preview:large","max-video-preview":"max-video-preview:-1"},"canonical":"https:\/\/edenfleurs80.com\/index.php\/mentions-legales\/","og_locale":"fr_FR","og_type":"article","og_title":"mentions l\u00e9gales - eden fleurs","og_description":"Mentions l\u00e9gales Identification de l&rsquo;\u00e9diteur Le site edenfleurs80.com est \u00e9dit\u00e9 par Anne-Lise Meens, eden fleurs EI. Si\u00e8ge social eden fleurs EI 80470 FERRIERES Contact contact@edenfleurs80.com 0674291139 Repr\u00e9sentant l\u00e9gal Directrice de publication : Anne-Lise Meens N\u00b0 SIRET : 97998854000014 Identification de l&rsquo;h\u00e9bergeur du site H\u00e9bergeur OVH SAS2 rue Kellermann \u2013 BP 80157 \u2013 59053 ROUBAIX Cedex 1 Cr\u00e9dit Photos eden fleurs \/ La belle Ad\u00e8le Photographie \/ C\u00e9line Chan &#8211; Paris Wedding Photographer","og_url":"https:\/\/edenfleurs80.com\/index.php\/mentions-legales\/","og_site_name":"eden fleurs","article_publisher":"https:\/\/www.facebook.com\/EdenFleursAmiens","article_modified_time":"2025-09-05T09:53:03+00:00","twitter_card":"summary_large_image","schema":{"@context":"https:\/\/schema.org","@graph":[{"@type":"WebPage","@id":"https:\/\/edenfleurs80.com\/index.php\/mentions-legales\/","url":"https:\/\/edenfleurs80.com\/index.php\/mentions-legales\/","name":"mentions l\u00e9gales - eden fleurs","isPartOf":{"@id":"https:\/\/edenfleurs80.com\/#website"},"datePublished":"2025-09-03T09:09:48+00:00","dateModified":"2025-09-05T09:53:03+00:00","breadcrumb":{"@id":"https:\/\/edenfleurs80.com\/index.php\/mentions-legales\/#breadcrumb"},"inLanguage":"fr-FR","potentialAction":[{"@type":"ReadAction","target":["https:\/\/edenfleurs80.com\/index.php\/mentions-legales\/"]}]},{"@type":"BreadcrumbList","@id":"https:\/\/edenfleurs80.com\/index.php\/mentions-legales\/#breadcrumb","itemListElement":[{"@type":"ListItem","position":1,"name":"Accueil","item":"https:\/\/edenfleurs80.com\/"},{"@type":"ListItem","position":2,"name":"mentions l\u00e9gales"}]},{"@type":"WebSite","@id":"https:\/\/edenfleurs80.com\/#website","url":"https:\/\/edenfleurs80.com\/","name":"eden fleurs","description":"Cr\u00e9ations florales pour sublimer vos \u00e9v\u00e8nements","publisher":{"@id":"https:\/\/edenfleurs80.com\/#organization"},"potentialAction":[{"@type":"SearchAction","target":{"@type":"EntryPoint","urlTemplate":"https:\/\/edenfleurs80.com\/?s={search_term_string}"},"query-input":{"@type":"PropertyValueSpecification","valueRequired":true,"valueName":"search_term_string"}}],"inLanguage":"fr-FR"},{"@type":"Organization","@id":"https:\/\/edenfleurs80.com\/#organization","name":"eden fleurs","url":"https:\/\/edenfleurs80.com\/","logo":{"@type":"ImageObject","inLanguage":"fr-FR","@id":"https:\/\/edenfleurs80.com\/#\/schema\/logo\/image\/","url":"https:\/\/edenfleurs80.com\/wp-content\/uploads\/2024\/09\/cropped-LOGO-eden-fleurs-petit.jpg","contentUrl":"https:\/\/edenfleurs80.com\/wp-content\/uploads\/2024\/09\/cropped-LOGO-eden-fleurs-petit.jpg","width":150,"height":143,"caption":"eden fleurs"},"image":{"@id":"https:\/\/edenfleurs80.com\/#\/schema\/logo\/image\/"},"sameAs":["https:\/\/www.facebook.com\/EdenFleursAmiens","https:\/\/www.instagram.com\/_edenfleurs_\/"]}]}},"_links":{"self":[{"href":"https:\/\/edenfleurs80.com\/index.php\/wp-json\/wp\/v2\/pages\/946","targetHints":{"allow":["GET"]}}],"collection":[{"href":"https:\/\/edenfleurs80.com\/index.php\/wp-json\/wp\/v2\/pages"}],"about":[{"href":"https:\/\/edenfleurs80.com\/index.php\/wp-json\/wp\/v2\/types\/page"}],"author":[{"embeddable":true,"href":"https:\/\/edenfleurs80.com\/index.php\/wp-json\/wp\/v2\/users\/1"}],"replies":[{"embeddable":true,"href":"https:\/\/edenfleurs80.com\/index.php\/wp-json\/wp\/v2\/comments?post=946"}],"version-history":[{"count":14,"href":"https:\/\/edenfleurs80.com\/index.php\/wp-json\/wp\/v2\/pages\/946\/revisions"}],"predecessor-version":[{"id":960,"href":"https:\/\/edenfleurs80.com\/index.php\/wp-json\/wp\/v2\/pages\/946\/revisions\/960"}],"wp:attachment":[{"href":"https:\/\/edenfleurs80.com\/index.php\/wp-json\/wp\/v2\/media?parent=946"}],"curies":[{"name":"wp","href":"https:\/\/api.w.org\/{rel}","templated":true}]}}